{"id":388,"date":"2025-02-26T12:40:25","date_gmt":"2025-02-26T12:40:25","guid":{"rendered":"https:\/\/dobraterapia-bochnia.pl\/?page_id=388"},"modified":"2025-02-26T12:40:28","modified_gmt":"2025-02-26T12:40:28","slug":"autorzy","status":"publish","type":"page","link":"https:\/\/dobraterapia-bochnia.pl\/ro\/autorzy\/","title":{"rendered":"Autori"},"content":{"rendered":"","protected":false},"excerpt":{"rendered":"","protected":false},"author":1,"featured_media":0,"parent":0,"menu_order":0,"comment_status":"closed","ping_status":"closed","template":"","meta":{"_acf_changed":false,"footnotes":""},"class_list":["post-388","page","type-page","status-publish","hentry"],"acf":[],"yoast_head":"<!-- This site is optimized with the Yoast SEO plugin v23.2 - https:\/\/yoast.com\/wordpress\/plugins\/seo\/ -->\n<title>Autorzy - Ozdoby Poland<\/title>\n<meta name=\"description\" content=\"Poznaj autor\u00f3w, kt\u00f3rzy \u0142\u0105cz\u0105 pasj\u0119 do mody z wiedz\u0105, oferuj\u0105c unikalne inspiracje i porady na ka\u017cdy modowy wyb\u00f3r!\" \/>\n<meta name=\"robots\" content=\"index, follow, max-snippet:-1, max-image-preview:large, max-video-preview:-1\" \/>\n<link rel=\"canonical\" href=\"https:\/\/dobraterapia-bochnia.pl\/ro\/autorzy\/\" \/>\n<meta property=\"og:locale\" content=\"ro_RO\" \/>\n<meta property=\"og:type\" content=\"article\" \/>\n<meta property=\"og:title\" content=\"Autorzy - Ozdoby Poland\" \/>\n<meta property=\"og:description\" content=\"Poznaj autor\u00f3w, kt\u00f3rzy \u0142\u0105cz\u0105 pasj\u0119 do mody z wiedz\u0105, oferuj\u0105c unikalne inspiracje i porady na ka\u017cdy modowy wyb\u00f3r!\" \/>\n<meta property=\"og:url\" content=\"https:\/\/dobraterapia-bochnia.pl\/ro\/autorzy\/\" \/>\n<meta property=\"og:site_name\" content=\"Ozdoby Poland\" \/>\n<meta property=\"article:modified_time\" content=\"2025-02-26T12:40:28+00:00\" \/>\n<meta name=\"twitter:card\" content=\"summary_large_image\" \/>\n<meta name=\"twitter:label1\" content=\"Timp estimat pentru citire\" \/>\n\t<meta name=\"twitter:data1\" content=\"1 minut\" \/>\n<script type=\"application\/ld+json\" class=\"yoast-schema-graph\">{\"@context\":\"https:\/\/schema.org\",\"@graph\":[{\"@type\":\"WebPage\",\"@id\":\"https:\/\/dobraterapia-bochnia.pl\/autorzy\/\",\"url\":\"https:\/\/dobraterapia-bochnia.pl\/autorzy\/\",\"name\":\"Autorzy - Ozdoby Poland\",\"isPartOf\":{\"@id\":\"https:\/\/dobraterapia-bochnia.pl\/#website\"},\"datePublished\":\"2025-02-26T12:40:25+00:00\",\"dateModified\":\"2025-02-26T12:40:28+00:00\",\"description\":\"Poznaj autor\u00f3w, kt\u00f3rzy \u0142\u0105cz\u0105 pasj\u0119 do mody z wiedz\u0105, oferuj\u0105c unikalne inspiracje i porady na ka\u017cdy modowy wyb\u00f3r!\",\"breadcrumb\":{\"@id\":\"https:\/\/dobraterapia-bochnia.pl\/autorzy\/#breadcrumb\"},\"inLanguage\":\"ro-RO\",\"potentialAction\":[{\"@type\":\"ReadAction\",\"target\":[\"https:\/\/dobraterapia-bochnia.pl\/autorzy\/\"]}]},{\"@type\":\"BreadcrumbList\",\"@id\":\"https:\/\/dobraterapia-bochnia.pl\/autorzy\/#breadcrumb\",\"itemListElement\":[{\"@type\":\"ListItem\",\"position\":1,\"name\":\"Home\",\"item\":\"https:\/\/dobraterapia-bochnia.pl\/\"},{\"@type\":\"ListItem\",\"position\":2,\"name\":\"Autorzy\"}]},{\"@type\":\"WebSite\",\"@id\":\"https:\/\/dobraterapia-bochnia.pl\/#website\",\"url\":\"https:\/\/dobraterapia-bochnia.pl\/\",\"name\":\"Ozdoby Poland\",\"description\":\"Ozdoby do auta \u2013 styl i charakter twojego pojazdu!\",\"potentialAction\":[{\"@type\":\"SearchAction\",\"target\":{\"@type\":\"EntryPoint\",\"urlTemplate\":\"https:\/\/dobraterapia-bochnia.pl\/?s={search_term_string}\"},\"query-input\":\"required name=search_term_string\"}],\"inLanguage\":\"ro-RO\"}]}<\/script>\n<!-- \/ Yoast SEO plugin. -->","yoast_head_json":{"title":"Autorzy - Ozdoby Poland","description":"Poznaj autor\u00f3w, kt\u00f3rzy \u0142\u0105cz\u0105 pasj\u0119 do mody z wiedz\u0105, oferuj\u0105c unikalne inspiracje i porady na ka\u017cdy modowy wyb\u00f3r!","robots":{"index":"index","follow":"follow","max-snippet":"max-snippet:-1","max-image-preview":"max-image-preview:large","max-video-preview":"max-video-preview:-1"},"canonical":"https:\/\/dobraterapia-bochnia.pl\/ro\/autorzy\/","og_locale":"ro_RO","og_type":"article","og_title":"Autorzy - Ozdoby Poland","og_description":"Poznaj autor\u00f3w, kt\u00f3rzy \u0142\u0105cz\u0105 pasj\u0119 do mody z wiedz\u0105, oferuj\u0105c unikalne inspiracje i porady na ka\u017cdy modowy wyb\u00f3r!","og_url":"https:\/\/dobraterapia-bochnia.pl\/ro\/autorzy\/","og_site_name":"Ozdoby Poland","article_modified_time":"2025-02-26T12:40:28+00:00","twitter_card":"summary_large_image","twitter_misc":{"Timp estimat pentru citire":"1 minut"},"schema":{"@context":"https:\/\/schema.org","@graph":[{"@type":"WebPage","@id":"https:\/\/dobraterapia-bochnia.pl\/autorzy\/","url":"https:\/\/dobraterapia-bochnia.pl\/autorzy\/","name":"Autorzy - Ozdoby Poland","isPartOf":{"@id":"https:\/\/dobraterapia-bochnia.pl\/#website"},"datePublished":"2025-02-26T12:40:25+00:00","dateModified":"2025-02-26T12:40:28+00:00","description":"Poznaj autor\u00f3w, kt\u00f3rzy \u0142\u0105cz\u0105 pasj\u0119 do mody z wiedz\u0105, oferuj\u0105c unikalne inspiracje i porady na ka\u017cdy modowy wyb\u00f3r!","breadcrumb":{"@id":"https:\/\/dobraterapia-bochnia.pl\/autorzy\/#breadcrumb"},"inLanguage":"ro-RO","potentialAction":[{"@type":"ReadAction","target":["https:\/\/dobraterapia-bochnia.pl\/autorzy\/"]}]},{"@type":"BreadcrumbList","@id":"https:\/\/dobraterapia-bochnia.pl\/autorzy\/#breadcrumb","itemListElement":[{"@type":"ListItem","position":1,"name":"Home","item":"https:\/\/dobraterapia-bochnia.pl\/"},{"@type":"ListItem","position":2,"name":"Autorzy"}]},{"@type":"WebSite","@id":"https:\/\/dobraterapia-bochnia.pl\/#website","url":"https:\/\/dobraterapia-bochnia.pl\/","name":"Ozdoby Poland","description":"Ozdoby do auta \u2013 styl i charakter twojego pojazdu!","potentialAction":[{"@type":"SearchAction","target":{"@type":"EntryPoint","urlTemplate":"https:\/\/dobraterapia-bochnia.pl\/?s={search_term_string}"},"query-input":"required name=search_term_string"}],"inLanguage":"ro-RO"}]}},"yoast_meta":{"yoast_wpseo_title":"","yoast_wpseo_metadesc":"","yoast_wpseo_canonical":"https:\/\/dobraterapia-bochnia.pl\/ro\/wp-json\/wp\/v2\/pages\/388"},"_links":{"self":[{"href":"https:\/\/dobraterapia-bochnia.pl\/ro\/wp-json\/wp\/v2\/pages\/388"}],"collection":[{"href":"https:\/\/dobraterapia-bochnia.pl\/ro\/wp-json\/wp\/v2\/pages"}],"about":[{"href":"https:\/\/dobraterapia-bochnia.pl\/ro\/wp-json\/wp\/v2\/types\/page"}],"author":[{"embeddable":true,"href":"https:\/\/dobraterapia-bochnia.pl\/ro\/wp-json\/wp\/v2\/users\/1"}],"replies":[{"embeddable":true,"href":"https:\/\/dobraterapia-bochnia.pl\/ro\/wp-json\/wp\/v2\/comments?post=388"}],"version-history":[{"count":1,"href":"https:\/\/dobraterapia-bochnia.pl\/ro\/wp-json\/wp\/v2\/pages\/388\/revisions"}],"predecessor-version":[{"id":389,"href":"https:\/\/dobraterapia-bochnia.pl\/ro\/wp-json\/wp\/v2\/pages\/388\/revisions\/389"}],"wp:attachment":[{"href":"https:\/\/dobraterapia-bochnia.pl\/ro\/wp-json\/wp\/v2\/media?parent=388"}],"curies":[{"name":"wp","href":"https:\/\/api.w.org\/{rel}","templated":true}]}}